{"id":3393,"date":"2025-10-03T09:02:50","date_gmt":"2025-10-03T09:02:50","guid":{"rendered":"https:\/\/infraplan-geospatial.com\/partners"},"modified":"2025-10-03T10:25:10","modified_gmt":"2025-10-03T10:25:10","slug":"partners","status":"publish","type":"page","link":"https:\/\/infraplan-geospatial.com\/es\/partners","title":{"rendered":"Alianzas"},"content":{"rendered":"<div class=\"wpb-content-wrapper\"><p>[vc_row][vc_column][vc_row_inner][vc_column_inner width=\u00bb1\/6&#8243;][\/vc_column_inner][vc_column_inner width=\u00bb2\/3&#8243;]<div id=\"ultimate-heading-323869f32fb7272d8\" class=\"uvc-heading ult-adjust-bottom-margin ultimate-heading-323869f32fb7272d8 uvc-8408 accent-border-color\" data-hspacer=\"no_spacer\"  data-halign=\"center\" style=\"text-align:center\"><div class=\"uvc-heading-spacer no_spacer\" style=\"top\"><\/div><div class=\"uvc-main-heading ult-responsive\"  data-ultimate-target='.uvc-heading.ultimate-heading-323869f32fb7272d8 h2'  data-responsive-json-new='{\"font-size\":\"tablet_portrait:30px;\",\"line-height\":\"tablet_portrait:40px;\"}' ><h2 style=\"font-weight:bold;margin-bottom:30px;\">Alianzas y partners<\/h2><\/div><div class=\"uvc-sub-heading ult-responsive\"  data-ultimate-target='.uvc-heading.ultimate-heading-323869f32fb7272d8 .uvc-sub-heading '  data-responsive-json-new='{\"font-size\":\"mobile_landscape:16px;\",\"line-height\":\"mobile_landscape:26px;\"}'  style=\"font-weight:normal;color:#333333;margin-bottom:70px;\"><\/p>\n<p style=\"text-align: center;\">En Infraplan colaboramos con socios tecnol\u00f3gicos e institucionales para ofrecer soluciones innovadoras y eficientes en la gesti\u00f3n del territorio.<\/p>\n<p style=\"text-align: center;\">Nuestras alianzas nos permiten sumar experiencia, tecnolog\u00eda y visi\u00f3n para afrontar con garant\u00edas los retos de nuestros clientes p\u00fablicos y privados. Algunos de nuestros principales socios son:<\/p>\n<p><\/div><\/div>[\/vc_column_inner][vc_column_inner width=\u00bb1\/6&#8243;][\/vc_column_inner][\/vc_row_inner][\/vc_column][\/vc_row][vc_row equal_height=\u00bbyes\u00bb][vc_column width=\u00bb1\/3&#8243;][vc_single_image image=\u00bb3388&#8243; img_size=\u00bbmedium\u00bb alignment=\u00bbcenter\u00bb css=\u00bb\u00bb][vc_separator border_width=\u00bb2&#8243; css=\u00bb\u00bb][vc_column_text css=\u00bb.vc_custom_1759486861756{padding-top: 20px !important;padding-right: 20px !important;padding-bottom: 20px !important;padding-left: 20px !important;background-color: #F4F4F4 !important;}\u00bb]<\/p>\n<h3>Mapia<\/h3>\n<p>Mapia es una plataforma tecnol\u00f3gica que optimiza y mejora todos los procesos relacionados con datos geoespaciales. Saca el m\u00e1ximo partido a toda tu geoinformaci\u00f3n, facilitando la toma de decisiones, el an\u00e1lisis y la explotaci\u00f3n, as\u00ed como la creaci\u00f3n o la actualizaci\u00f3n de nuevos conjuntos de datos. La tecnolog\u00eda de Mapia es una soluci\u00f3n integral que se adapta al modelo de negocio y a las especificaciones de los clientes, proporcionando la usabilidad, la informaci\u00f3n y los resultados requeridos.<\/p>\n<p><a href=\"https:\/\/mapia-technologies.com\" target=\"_blank\" rel=\"noopener\">M\u00e1s informaci\u00f3n<\/a>[\/vc_column_text][\/vc_column][vc_column width=\u00bb1\/3&#8243;][vc_single_image image=\u00bb3361&#8243; img_size=\u00bbmedium\u00bb alignment=\u00bbcenter\u00bb css=\u00bb\u00bb][vc_separator border_width=\u00bb2&#8243; css=\u00bb\u00bb][vc_column_text css=\u00bb.vc_custom_1759486878426{padding-top: 20px !important;padding-right: 20px !important;padding-bottom: 20px !important;padding-left: 20px !important;}\u00bb]<\/p>\n<h3>Bentley BDN<\/h3>\n<p class=\"card-title\">Infraplan es miembro activo y participa con la Bentley Developer Network (BDN), La BDP de Bentley es el canal oficial para los integradores de productos sobre Bentley: foros, wiki, recursos, SDKs, &#8230;<\/p>\n<p><a href=\"https:\/\/www.bentley.com\/en\" target=\"_blank\" rel=\"noopener\">M\u00e1s informaci\u00f3n<\/a>[\/vc_column_text][\/vc_column][vc_column width=\u00bb1\/3&#8243;][vc_single_image image=\u00bb3382&#8243; img_size=\u00bbmedium\u00bb alignment=\u00bbcenter\u00bb css=\u00bb\u00bb][vc_separator border_width=\u00bb2&#8243; css=\u00bb\u00bb][vc_column_text css=\u00bb.vc_custom_1759486899978{padding-top: 20px !important;padding-right: 20px !important;padding-bottom: 20px !important;padding-left: 20px !important;background-color: #F4F4F4 !important;}\u00bb]<\/p>\n<h3>CYCLOMEDIA<\/h3>\n<p>Cyclomedia captura datos del mundo real y los transforma en valiosa inteligencia que te permite entender la complejidad de tu entorno.<br \/>\nCon la visualizaci\u00f3n de 360 \u200b\u200bgrados a pie de calle m\u00e1s precisa del mundo, y la aplicaci\u00f3n de inteligencia artificial, Cyclomedia proporciona informaci\u00f3n \u00fatil que puede utilizar hoy para construir un ma\u00f1ana mejor.<\/p>\n<p><a href=\"https:\/\/www.cyclomedia.com\/en\/\" target=\"_blank\" rel=\"noopener\">M\u00e1s informaci\u00f3n<\/a>[\/vc_column_text][\/vc_column][\/vc_row][vc_row equal_height=\u00bbyes\u00bb][vc_column width=\u00bb1\/3&#8243;][vc_single_image image=\u00bb3385&#8243; img_size=\u00bbmedium\u00bb alignment=\u00bbcenter\u00bb css=\u00bb\u00bb][vc_separator border_width=\u00bb2&#8243; css=\u00bb\u00bb][vc_column_text css=\u00bb.vc_custom_1759486919409{padding-top: 20px !important;padding-right: 20px !important;padding-bottom: 20px !important;padding-left: 20px !important;}\u00bb]<\/p>\n<h3>ESRI<\/h3>\n<p>ESRI es el l\u00edder del mercado global en SIG y ha ayudado a sus clientes a mejorar sus resultados desde 1969. Creamos ArcGIS, el software de cartograf\u00eda y an\u00e1lisis espacial m\u00e1s potente del mundo. ArcGIS conecta a todo el mundo, en todas partes mediante un lenguaje visual com\u00fan. Combina cartograf\u00eda y el an\u00e1lisis para revelar una comprensi\u00f3n m\u00e1s profunda de los datos, lo que ayuda a las organizaciones a crear cambios positivos en la industria y la sociedad.<\/p>\n<p><a href=\"https:\/\/www.esri.com\/\" target=\"_blank\" rel=\"noopener\">M\u00e1s informaci\u00f3n<\/a>[\/vc_column_text][\/vc_column][vc_column width=\u00bb1\/3&#8243;][vc_single_image image=\u00bb2898&#8243; img_size=\u00bbmedium\u00bb alignment=\u00bbcenter\u00bb css=\u00bb\u00bb][vc_separator border_width=\u00bb2&#8243; css=\u00bb\u00bb][vc_column_text css=\u00bb.vc_custom_1759486990387{padding-top: 20px !important;padding-right: 20px !important;padding-bottom: 20px !important;padding-left: 20px !important;background-color: #F4F4F4 !important;}\u00bb]<\/p>\n<h3>FME<\/h3>\n<p>La plataforma de integraci\u00f3n de datos de FME simplifica la conexi\u00f3n de cientos de aplicaciones, la transformaci\u00f3n de datos de formas ilimitadas y la automatizaci\u00f3n de flujos de trabajo. FME Desktop se utiliza en gobiernos locales, servicios p\u00fablicos y muchas otras industrias para facilitar flujos de trabajo de integraci\u00f3n de datos.<\/p>\n<p><em><img loading=\"lazy\" decoding=\"async\" class=\" wp-image-55726 alignright\" src=\"\/wp-content\/uploads\/2025\/10\/fme_certified.png\" alt=\"\" width=\"81\" height=\"81\" \/>Infraplan Geospatial est\u00e1 certificado oficialmente por\u00a0<strong>Safe Software<\/strong>.<br \/>\n<\/em><\/p>\n<p><a href=\"https:\/\/www.safe.com\/\" target=\"_blank\" rel=\"noopener\">M\u00e1s informaci\u00f3n<\/a>[\/vc_column_text][\/vc_column][vc_column width=\u00bb1\/3&#8243;][vc_single_image image=\u00bb3355&#8243; img_size=\u00bbmedium\u00bb alignment=\u00bbcenter\u00bb css=\u00bb\u00bb][vc_separator border_width=\u00bb2&#8243; css=\u00bb\u00bb][vc_column_text css=\u00bb.vc_custom_1759487007327{padding-top: 20px !important;padding-right: 20px !important;padding-bottom: 20px !important;padding-left: 20px !important;background-color: #FFFFFF !important;}\u00bb]<\/p>\n<h3 class=\"card-title\">QGIS ESP<\/h3>\n<p>QGIS es una aplicaci\u00f3n profesional de GIS construida sobre software libre y de c\u00f3digo abierto (FOSS). QGIS proporciona una creciente gama de capacidades a trav\u00e9s de sus funciones b\u00e1sicas y complementos. Puede visualizar, gestionar, editar y analizar datos y dise\u00f1ar mapas imprimibles.<\/p>\n<p><a href=\"https:\/\/www.qgis.es\/asociacion\/\" target=\"_blank\" rel=\"noopener\">M\u00e1s informaci\u00f3n<\/a>[\/vc_column_text][\/vc_column][\/vc_row][vc_row equal_height=\u00bbyes\u00bb][vc_column width=\u00bb1\/3&#8243;][vc_single_image image=\u00bb3376&#8243; img_size=\u00bbmedium\u00bb alignment=\u00bbcenter\u00bb css=\u00bb\u00bb][vc_separator border_width=\u00bb2&#8243; css=\u00bb\u00bb][vc_column_text css=\u00bb.vc_custom_1759487023400{padding-top: 20px !important;padding-right: 20px !important;padding-bottom: 20px !important;padding-left: 20px !important;background-color: #F4F4F4 !important;}\u00bb]<\/p>\n<h3>Google Maps<\/h3>\n<p>Google Maps Platform (<i>Google Maps, Google Routes, Google Places, &#8230;<\/i>): crea experiencias din\u00e1micas y personalizadas para acercar el mundo real a tus usuarios a trav\u00e9s de mapas est\u00e1ticos y din\u00e1micos, im\u00e1genes de Street View y panor\u00e1micas de 360\u00ba.<\/p>\n<p><a href=\"https:\/\/cloud.google.com\/maps-platform\/\" target=\"_blank\" rel=\"noopener\">M\u00e1s informaci\u00f3n<\/a>[\/vc_column_text][\/vc_column][vc_column width=\u00bb1\/3&#8243;][vc_single_image image=\u00bb3373&#8243; img_size=\u00bbmedium\u00bb alignment=\u00bbcenter\u00bb css=\u00bb\u00bb][vc_separator border_width=\u00bb2&#8243; css=\u00bb\u00bb][vc_column_text css=\u00bb.vc_custom_1759487041304{padding-top: 20px !important;padding-right: 20px !important;padding-bottom: 20px !important;padding-left: 20px !important;}\u00bb]<\/p>\n<h3>GISconnector<\/h3>\n<p>GISconnector conecta ArcGIS y Excel para formar un sistema global ingenioso: se pone a disposici\u00f3n la potencia de Excel en ArcGIS y viceversa. ArcGIS y Excel se unifican como un entorno de trabajo integrado. Esta combinaci\u00f3n \u00fanica permite la transferencia fluida de datos y funciones entre los dos programas. \u00a1Esto representa un salto cu\u00e1ntico en t\u00e9rminos de ahorro de tiempo y minimizaci\u00f3n de errores!<\/p>\n<p><a href=\"https:\/\/gisconnector.de\/en\/\" target=\"_blank\" rel=\"noopener\">M\u00e1s informaci\u00f3n<\/a>[\/vc_column_text][\/vc_column][vc_column width=\u00bb1\/3&#8243;][vc_single_image image=\u00bb3367&#8243; img_size=\u00bbmedium\u00bb alignment=\u00bbcenter\u00bb css=\u00bb\u00bb][vc_separator border_width=\u00bb2&#8243; css=\u00bb\u00bb][vc_column_text css=\u00bb.vc_custom_1759487057368{padding-top: 20px !important;padding-right: 20px !important;padding-bottom: 20px !important;padding-left: 20px !important;background-color: #F4F4F4 !important;}\u00bb]<\/p>\n<h3>CON\u00b7TERRA<\/h3>\n<p>con\u00b7terra integra soluciones TIC inteligentes relacionadas con las geociencias en los sistemas inform\u00e1ticos corporativos de empresas y administraciones p\u00fablicas. De este modo, la geoinformaci\u00f3n puede utilizarse posteriormente para hacer que su procesos de negocio sean m\u00e1s eficientes, sostenibles, rentables y transparente.<\/p>\n<p><a href=\"https:\/\/con-terra.com\/\" target=\"_blank\" rel=\"noopener\">M\u00e1s informaci\u00f3n<\/a>[\/vc_column_text][\/vc_column][\/vc_row][vc_row][vc_column width=\u00bb1\/3&#8243;][vc_single_image image=\u00bb3379&#8243; img_size=\u00bbmedium\u00bb alignment=\u00bbcenter\u00bb css=\u00bb\u00bb][vc_separator border_width=\u00bb2&#8243; css=\u00bb\u00bb][vc_column_text css=\u00bb.vc_custom_1759487073077{padding-top: 20px !important;padding-right: 20px !important;padding-bottom: 20px !important;padding-left: 20px !important;}\u00bb]<\/p>\n<h3>IP SYSCON<\/h3>\n<p>El alcance de trabajo de un proveedor de servicios completos de GIS y CAFM incluye no solo el desarrollo y distribuci\u00f3n de software y soluciones est\u00e1ndar apropiados, sino tambi\u00e9n consultor\u00eda competente, servicios (de datos) personalizados, soporte integral y capacitaci\u00f3n orientada a la demanda para cada requisito y la responsabilidad asociada de \u00absoluciones de una sola fuente\u00bb.<\/p>\n<p><a href=\"https:\/\/www.ipsyscon.de\/start\/\" target=\"_blank\" rel=\"noopener\">M\u00e1s informaci\u00f3n<\/a>[\/vc_column_text][\/vc_column][vc_column width=\u00bb1\/3&#8243;][vc_single_image image=\u00bb3358&#8243; img_size=\u00bbmedium\u00bb alignment=\u00bbcenter\u00bb css=\u00bb\u00bb][vc_separator border_width=\u00bb2&#8243; css=\u00bb\u00bb][vc_column_text css=\u00bb.vc_custom_1759487088076{padding-top: 20px !important;padding-right: 20px !important;padding-bottom: 20px !important;padding-left: 20px !important;background-color: #F4F4F4 !important;}\u00bb]<\/p>\n<h4>Autodesk (ADN)<\/h4>\n<p>Infraplan es miembro oficial de Autodesk Developer Network (ADN), La ADN de Autodesk es el canal oficial para los integradores de productos sobre Autodesk: foros, wiki, recursos, SDKs, &#8230;<\/p>\n<p><a href=\"https:\/\/www.autodesk.com\/developer-network\/overview\" target=\"_blank\" rel=\"noopener\">M\u00e1s informaci\u00f3n<\/a>[\/vc_column_text][\/vc_column][vc_column width=\u00bb1\/3&#8243;][vc_single_image image=\u00bb3364&#8243; img_size=\u00bbmedium\u00bb alignment=\u00bbcenter\u00bb css=\u00bb\u00bb][vc_separator border_width=\u00bb2&#8243; css=\u00bb\u00bb][vc_column_text css=\u00bb.vc_custom_1759487102199{padding-top: 20px !important;padding-right: 20px !important;padding-bottom: 20px !important;padding-left: 20px !important;}\u00bb]<\/p>\n<h3>CINTELI<\/h3>\n<p>CINTELI es una empresa de consultor\u00eda estrat\u00e9gica especializada en ayudar a las principales ciudades de Am\u00e9rica a convertirse en metr\u00f3polis eficientes mediante la implantaci\u00f3n de productos innovadores y soluciones inteligentes. Para lograr ese objetivo tenemos alianzas con socios tecnol\u00f3gicos y servicios de alta calidad. Estas empresas son pioneras en los mercados internacionales de todo el mundo, con una amplia experiencia en sus sectores, trasladando sus conocimientos a cada uno de nuestros proyectos de Smart City.<\/p>\n<p><a href=\"https:\/\/cinteligroup.com\/\" target=\"_blank\" rel=\"noopener\">M\u00e1s informaci\u00f3n<\/a>[\/vc_column_text][\/vc_column][\/vc_row]<\/p>\n<\/div>","protected":false},"excerpt":{"rendered":"<p>[vc_row][vc_column][vc_row_inner][vc_column_inner width=\u00bb1\/6&#8243;][\/vc_column_inner][vc_column_inner width=\u00bb2\/3&#8243;][\/vc_column_inner][vc_column_inner width=\u00bb1\/6&#8243;][\/vc_column_inner][\/vc_row_inner][\/vc_column][\/vc_row][vc_row equal_height=\u00bbyes\u00bb][vc_column width=\u00bb1\/3&#8243;][vc_single_image image=\u00bb3388&#8243; img_size=\u00bbmedium\u00bb alignment=\u00bbcenter\u00bb css=\u00bb\u00bb][vc_separator border_width=\u00bb2&#8243; css=\u00bb\u00bb][vc_column_text css=\u00bb.vc_custom_1759486861756{padding-top: 20px !important;padding-right: 20px !important;padding-bottom: 20px !important;padding-left: 20px !important;background-color: #F4F4F4 !important;}\u00bb] Mapia Mapia es una plataforma tecnol\u00f3gica que optimiza y mejora todos los procesos relacionados con datos geoespaciales. Saca el m\u00e1ximo partido a toda tu geoinformaci\u00f3n, facilitando la toma de decisiones, el an\u00e1lisis&hellip;<\/p>\n","protected":false},"author":1,"featured_media":0,"parent":0,"menu_order":0,"comment_status":"closed","ping_status":"closed","template":"","meta":{"footnotes":""},"class_list":["post-3393","page","type-page","status-publish","hentry","description-off"],"yoast_head":"<!-- This site is optimized with the Yoast SEO plugin v25.3.1 - https:\/\/yoast.com\/wordpress\/plugins\/seo\/ -->\n<title>Alianzas - Infraplan Geospatial<\/title>\n<meta name=\"robots\" content=\"index, follow, max-snippet:-1, max-image-preview:large, max-video-preview:-1\" \/>\n<link rel=\"canonical\" href=\"https:\/\/infraplan-geospatial.com\/es\/partners\" \/>\n<meta property=\"og:locale\" content=\"es_ES\" \/>\n<meta property=\"og:type\" content=\"article\" \/>\n<meta property=\"og:title\" content=\"Alianzas - Infraplan Geospatial\" \/>\n<meta property=\"og:description\" content=\"[vc_row][vc_column][vc_row_inner][vc_column_inner width=\u00bb1\/6&#8243;][\/vc_column_inner][vc_column_inner width=\u00bb2\/3&#8243;][\/vc_column_inner][vc_column_inner width=\u00bb1\/6&#8243;][\/vc_column_inner][\/vc_row_inner][\/vc_column][\/vc_row][vc_row equal_height=\u00bbyes\u00bb][vc_column width=\u00bb1\/3&#8243;][vc_single_image image=\u00bb3388&#8243; img_size=\u00bbmedium\u00bb alignment=\u00bbcenter\u00bb css=\u00bb\u00bb][vc_separator border_width=\u00bb2&#8243; css=\u00bb\u00bb][vc_column_text css=\u00bb.vc_custom_1759486861756{padding-top: 20px !important;padding-right: 20px !important;padding-bottom: 20px !important;padding-left: 20px !important;background-color: #F4F4F4 !important;}\u00bb] Mapia Mapia es una plataforma tecnol\u00f3gica que optimiza y mejora todos los procesos relacionados con datos geoespaciales. Saca el m\u00e1ximo partido a toda tu geoinformaci\u00f3n, facilitando la toma de decisiones, el an\u00e1lisis&hellip;\" \/>\n<meta property=\"og:url\" content=\"https:\/\/infraplan-geospatial.com\/es\/partners\" \/>\n<meta property=\"og:site_name\" content=\"Infraplan Geospatial\" \/>\n<meta property=\"article:modified_time\" content=\"2025-10-03T10:25:10+00:00\" \/>\n<meta name=\"twitter:card\" content=\"summary_large_image\" \/>\n<meta name=\"twitter:label1\" content=\"Tiempo de lectura\" \/>\n\t<meta name=\"twitter:data1\" content=\"8 minutos\" \/>\n<script type=\"application\/ld+json\" class=\"yoast-schema-graph\">{\"@context\":\"https:\/\/schema.org\",\"@graph\":[{\"@type\":\"WebPage\",\"@id\":\"https:\/\/infraplan-geospatial.com\/es\/partners\",\"url\":\"https:\/\/infraplan-geospatial.com\/es\/partners\",\"name\":\"Alianzas - Infraplan Geospatial\",\"isPartOf\":{\"@id\":\"https:\/\/infraplan-geospatial.com\/es#website\"},\"datePublished\":\"2025-10-03T09:02:50+00:00\",\"dateModified\":\"2025-10-03T10:25:10+00:00\",\"breadcrumb\":{\"@id\":\"https:\/\/infraplan-geospatial.com\/es\/partners#breadcrumb\"},\"inLanguage\":\"es\",\"potentialAction\":[{\"@type\":\"ReadAction\",\"target\":[\"https:\/\/infraplan-geospatial.com\/es\/partners\"]}]},{\"@type\":\"BreadcrumbList\",\"@id\":\"https:\/\/infraplan-geospatial.com\/es\/partners#breadcrumb\",\"itemListElement\":[{\"@type\":\"ListItem\",\"position\":1,\"name\":\"Portada\",\"item\":\"https:\/\/infraplan-geospatial.com\/es\"},{\"@type\":\"ListItem\",\"position\":2,\"name\":\"Alianzas\"}]},{\"@type\":\"WebSite\",\"@id\":\"https:\/\/infraplan-geospatial.com\/es#website\",\"url\":\"https:\/\/infraplan-geospatial.com\/es\",\"name\":\"Infraplan Geospatial\",\"description\":\"\",\"potentialAction\":[{\"@type\":\"SearchAction\",\"target\":{\"@type\":\"EntryPoint\",\"urlTemplate\":\"https:\/\/infraplan-geospatial.com\/es?s={search_term_string}\"},\"query-input\":{\"@type\":\"PropertyValueSpecification\",\"valueRequired\":true,\"valueName\":\"search_term_string\"}}],\"inLanguage\":\"es\"}]}<\/script>\n<!-- \/ Yoast SEO plugin. -->","yoast_head_json":{"title":"Alianzas - Infraplan Geospatial","robots":{"index":"index","follow":"follow","max-snippet":"max-snippet:-1","max-image-preview":"max-image-preview:large","max-video-preview":"max-video-preview:-1"},"canonical":"https:\/\/infraplan-geospatial.com\/es\/partners","og_locale":"es_ES","og_type":"article","og_title":"Alianzas - Infraplan Geospatial","og_description":"[vc_row][vc_column][vc_row_inner][vc_column_inner width=\u00bb1\/6&#8243;][\/vc_column_inner][vc_column_inner width=\u00bb2\/3&#8243;][\/vc_column_inner][vc_column_inner width=\u00bb1\/6&#8243;][\/vc_column_inner][\/vc_row_inner][\/vc_column][\/vc_row][vc_row equal_height=\u00bbyes\u00bb][vc_column width=\u00bb1\/3&#8243;][vc_single_image image=\u00bb3388&#8243; img_size=\u00bbmedium\u00bb alignment=\u00bbcenter\u00bb css=\u00bb\u00bb][vc_separator border_width=\u00bb2&#8243; css=\u00bb\u00bb][vc_column_text css=\u00bb.vc_custom_1759486861756{padding-top: 20px !important;padding-right: 20px !important;padding-bottom: 20px !important;padding-left: 20px !important;background-color: #F4F4F4 !important;}\u00bb] Mapia Mapia es una plataforma tecnol\u00f3gica que optimiza y mejora todos los procesos relacionados con datos geoespaciales. Saca el m\u00e1ximo partido a toda tu geoinformaci\u00f3n, facilitando la toma de decisiones, el an\u00e1lisis&hellip;","og_url":"https:\/\/infraplan-geospatial.com\/es\/partners","og_site_name":"Infraplan Geospatial","article_modified_time":"2025-10-03T10:25:10+00:00","twitter_card":"summary_large_image","twitter_misc":{"Tiempo de lectura":"8 minutos"},"schema":{"@context":"https:\/\/schema.org","@graph":[{"@type":"WebPage","@id":"https:\/\/infraplan-geospatial.com\/es\/partners","url":"https:\/\/infraplan-geospatial.com\/es\/partners","name":"Alianzas - Infraplan Geospatial","isPartOf":{"@id":"https:\/\/infraplan-geospatial.com\/es#website"},"datePublished":"2025-10-03T09:02:50+00:00","dateModified":"2025-10-03T10:25:10+00:00","breadcrumb":{"@id":"https:\/\/infraplan-geospatial.com\/es\/partners#breadcrumb"},"inLanguage":"es","potentialAction":[{"@type":"ReadAction","target":["https:\/\/infraplan-geospatial.com\/es\/partners"]}]},{"@type":"BreadcrumbList","@id":"https:\/\/infraplan-geospatial.com\/es\/partners#breadcrumb","itemListElement":[{"@type":"ListItem","position":1,"name":"Portada","item":"https:\/\/infraplan-geospatial.com\/es"},{"@type":"ListItem","position":2,"name":"Alianzas"}]},{"@type":"WebSite","@id":"https:\/\/infraplan-geospatial.com\/es#website","url":"https:\/\/infraplan-geospatial.com\/es","name":"Infraplan Geospatial","description":"","potentialAction":[{"@type":"SearchAction","target":{"@type":"EntryPoint","urlTemplate":"https:\/\/infraplan-geospatial.com\/es?s={search_term_string}"},"query-input":{"@type":"PropertyValueSpecification","valueRequired":true,"valueName":"search_term_string"}}],"inLanguage":"es"}]}},"_links":{"self":[{"href":"https:\/\/infraplan-geospatial.com\/es\/wp-json\/wp\/v2\/pages\/3393","targetHints":{"allow":["GET"]}}],"collection":[{"href":"https:\/\/infraplan-geospatial.com\/es\/wp-json\/wp\/v2\/pages"}],"about":[{"href":"https:\/\/infraplan-geospatial.com\/es\/wp-json\/wp\/v2\/types\/page"}],"author":[{"embeddable":true,"href":"https:\/\/infraplan-geospatial.com\/es\/wp-json\/wp\/v2\/users\/1"}],"replies":[{"embeddable":true,"href":"https:\/\/infraplan-geospatial.com\/es\/wp-json\/wp\/v2\/comments?post=3393"}],"version-history":[{"count":2,"href":"https:\/\/infraplan-geospatial.com\/es\/wp-json\/wp\/v2\/pages\/3393\/revisions"}],"predecessor-version":[{"id":3395,"href":"https:\/\/infraplan-geospatial.com\/es\/wp-json\/wp\/v2\/pages\/3393\/revisions\/3395"}],"wp:attachment":[{"href":"https:\/\/infraplan-geospatial.com\/es\/wp-json\/wp\/v2\/media?parent=3393"}],"curies":[{"name":"wp","href":"https:\/\/api.w.org\/{rel}","templated":true}]}}